{"id":15,"date":"2026-01-01T01:00:00","date_gmt":"2026-01-01T01:00:00","guid":{"rendered":"https:\/\/wille-steuerberaterin.de\/start\/"},"modified":"2026-01-30T18:29:32","modified_gmt":"2026-01-30T18:29:32","slug":"start","status":"publish","type":"page","link":"https:\/\/wille-steuerberaterin.de\/en\/","title":{"rendered":"Start"},"content":{"rendered":"<div class=\"wp-block-group alignfull is-style-ext-preset--group--natural-1--section has-background-background-color has-background has-global-padding is-layout-constrained wp-container-core-group-is-layout-3a3c7119 wp-block-group-is-layout-constrained\" style=\"margin-top:0;margin-bottom:0;padding-top:var(--wp--preset--spacing--50);padding-bottom:var(--wp--preset--spacing--70)\">\n<h1 class=\"wp-block-heading alignwide\">Tax matters don\u2019t have to be complicated \u2013 I am here to help.<\/h1>\n\n\n\n<div class=\"wp-block-columns alignwide is-layout-flex wp-container-core-columns-is-layout-87beb0d0 wp-block-columns-is-layout-flex\">\n<div class=\"wp-block-column is-vertically-aligned-stretch is-layout-flow wp-container-core-column-is-layout-5dafc681 wp-block-column-is-layout-flow\">\n<figure class=\"wp-block-image is-style-ext-preset--image--natural-1--image-1--content-right is-style-ext-preset--image--natural-1--image-1--content-right--2\"><img loading=\"lazy\" decoding=\"async\" width=\"1080\" height=\"810\" src=\"https:\/\/wille-steuerberaterin.de\/wp-content\/uploads\/2025\/12\/image-7.jpg\" alt=\"\" class=\"wp-image-114\" style=\"aspect-ratio:16\/9;object-fit:cover\" srcset=\"https:\/\/wille-steuerberaterin.de\/wp-content\/uploads\/2025\/12\/image-7.jpg 1080w, https:\/\/wille-steuerberaterin.de\/wp-content\/uploads\/2025\/12\/image-7-300x225.jpg 300w, https:\/\/wille-steuerberaterin.de\/wp-content\/uploads\/2025\/12\/image-7-1024x768.jpg 1024w, https:\/\/wille-steuerberaterin.de\/wp-content\/uploads\/2025\/12\/image-7-768x576.jpg 768w, https:\/\/wille-steuerberaterin.de\/wp-content\/uploads\/2025\/12\/image-7-16x12.jpg 16w\" sizes=\"auto, (max-width: 1080px) 100vw, 1080px\" \/><\/figure>\n\n\n\n<div class=\"wp-block-group has-global-padding is-layout-constrained wp-block-group-is-layout-constrained\">\n<figure class=\"wp-block-image size-large wp-duotone-foreground-and-background\"><img decoding=\"async\" src=\"data:image\/svg+xml;base64,PHN2ZyB4bWxucz0iaHR0cDovL3d3dy53My5vcmcvMjAwMC9zdmciIHdpZHRoPSI0OCIgaGVpZ2h0PSI0OCIgZmlsbD0iIzAwMDAwMCIgdmlld0JveD0iMCAwIDI1NiAyNTYiPjxwYXRoIGQ9Ik0yMDUuNjYsMTQ5LjY2bC03Miw3MmE4LDgsMCwwLDEtMTEuMzIsMGwtNzItNzJhOCw4LDAsMCwxLDExLjMyLTExLjMyTDEyMCwxOTYuNjlWNDBhOCw4LDAsMCwxLDE2LDBWMTk2LjY5bDU4LjM0LTU4LjM1YTgsOCwwLDAsMSwxMS4zMiwxMS4zMloiPjwvcGF0aD48L3N2Zz4=\" alt=\"\"\/><\/figure>\n\n\n\n<p class=\"has-small-font-size\" style=\"margin-top:1.5rem\">Du ben\u00f6tigst steuerliche Beratung?<br>Melde dich gerne. <\/p>\n\n\n\n<div class=\"wp-block-buttons is-layout-flex wp-block-buttons-is-layout-flex\">\n<div class=\"wp-block-button is-style-ext-preset--button--natural-1--button-1 is-style-ext-preset--button--natural-1--button-1--3\"><a class=\"wp-block-button__link wp-element-button\" href=\"https:\/\/wille-steuerberaterin.de\/en\/#kontak\">Learn more<\/a><\/div>\n<\/div>\n<\/div>\n<\/div>\n\n\n\n<div class=\"wp-block-column is-vertically-aligned-center is-layout-flow wp-block-column-is-layout-flow\">\n<div class=\"wp-block-cover is-style-ext-preset--image--natural-1--image-1--content-bottom is-style-ext-preset--image--natural-1--image-1--content-bottom--4\" style=\"min-height:100%;aspect-ratio:unset;\"><img loading=\"lazy\" decoding=\"async\" width=\"1080\" height=\"1440\" class=\"wp-block-cover__image-background wp-image-72\" alt=\"\" src=\"https:\/\/wille-steuerberaterin.de\/wp-content\/uploads\/2025\/12\/image-4.jpg\" data-object-fit=\"cover\" srcset=\"https:\/\/wille-steuerberaterin.de\/wp-content\/uploads\/2025\/12\/image-4.jpg 1080w, https:\/\/wille-steuerberaterin.de\/wp-content\/uploads\/2025\/12\/image-4-225x300.jpg 225w, https:\/\/wille-steuerberaterin.de\/wp-content\/uploads\/2025\/12\/image-4-768x1024.jpg 768w, https:\/\/wille-steuerberaterin.de\/wp-content\/uploads\/2025\/12\/image-4-9x12.jpg 9w\" sizes=\"auto, (max-width: 1080px) 100vw, 1080px\" \/><span aria-hidden=\"true\" class=\"wp-block-cover__background has-background-dim-0 has-background-dim\"><\/span><div class=\"wp-block-cover__inner-container is-layout-flow wp-block-cover-is-layout-flow\">\n<div style=\"height:340px\" aria-hidden=\"true\" class=\"wp-block-spacer\"><\/div>\n<\/div><\/div>\n<\/div>\n<\/div>\n<\/div>\n\n\n\n<div class=\"wp-block-group alignfull is-style-ext-preset--group--natural-1--section has-tertiary-background-color has-background has-global-padding is-layout-constrained wp-block-group-is-layout-constrained\" id=\"ueber-uns\" style=\"margin-top:0;margin-bottom:0;padding-top:var(--wp--preset--spacing--70);padding-bottom:var(--wp--preset--spacing--70)\">\n<div class=\"wp-block-columns alignwide are-vertically-aligned-center is-layout-flex wp-container-core-columns-is-layout-174606dc wp-block-columns-is-layout-flex\">\n<div class=\"wp-block-column is-vertically-aligned-center is-layout-flow wp-block-column-is-layout-flow\">\n<div class=\"wp-block-group alignwide is-vertical is-layout-flex wp-container-core-group-is-layout-c35747d5 wp-block-group-is-layout-flex\">\n<div class=\"wp-block-group has-global-padding is-layout-constrained wp-container-core-group-is-layout-dd32767c wp-block-group-is-layout-constrained\">\n<h2 class=\"wp-block-heading\">About<\/h2>\n\n\n\n<p>Ich bin Becky Wille und wurde im Februar 2025 zur Steuerberaterin bestellt. Seit dem Abschluss meines Bachelorstudiums an der Universit\u00e4t G\u00f6ttingen im Jahr 2020 bin ich in der Steuerberatung t\u00e4tig.<\/p>\n\n\n\n<p>In addition to my full-time role at one of the Next Ten firms, I am self-employed as a tax advisor and provide tax advisory services in compliance with statutory requirements.<\/p>\n\n\n\n<p>Meine Expertise liegt in der laufenden steuerlichen Beratung sowie in der Erstellung von Jahresabschl\u00fcssen und Steuererkl\u00e4rungen f\u00fcr Privatpersonen, Unternehmen und Selbstst\u00e4ndige.<\/p>\n<\/div>\n<\/div>\n<\/div>\n\n\n\n<div class=\"wp-block-column is-vertically-aligned-center is-layout-flow wp-block-column-is-layout-flow\">\n<figure class=\"wp-block-image size-large is-style-ext-preset--image--natural-1--image-1--content-bottom is-style-ext-preset--image--natural-1--image-1--content-bottom--6\"><img loading=\"lazy\" decoding=\"async\" width=\"2560\" height=\"1704\" src=\"https:\/\/wille-steuerberaterin.de\/wp-content\/uploads\/2025\/12\/IMG_2118-edited-1-scaled.png\" alt=\"\" class=\"wp-image-60\" style=\"aspect-ratio:1;object-fit:cover\" srcset=\"https:\/\/wille-steuerberaterin.de\/wp-content\/uploads\/2025\/12\/IMG_2118-edited-1-scaled.png 2560w, https:\/\/wille-steuerberaterin.de\/wp-content\/uploads\/2025\/12\/IMG_2118-edited-1-300x200.png 300w, https:\/\/wille-steuerberaterin.de\/wp-content\/uploads\/2025\/12\/IMG_2118-edited-1-1024x681.png 1024w, https:\/\/wille-steuerberaterin.de\/wp-content\/uploads\/2025\/12\/IMG_2118-edited-1-768x511.png 768w, https:\/\/wille-steuerberaterin.de\/wp-content\/uploads\/2025\/12\/IMG_2118-edited-1-1536x1022.png 1536w, https:\/\/wille-steuerberaterin.de\/wp-content\/uploads\/2025\/12\/IMG_2118-edited-1-2048x1363.png 2048w, https:\/\/wille-steuerberaterin.de\/wp-content\/uploads\/2025\/12\/IMG_2118-edited-1-18x12.png 18w\" sizes=\"auto, (max-width: 2560px) 100vw, 2560px\" \/><\/figure>\n<\/div>\n<\/div>\n<\/div>\n\n\n\n<div class=\"wp-block-group alignfull is-style-ext-preset--group--natural-1--section has-background-background-color has-background has-global-padding is-layout-constrained wp-container-core-group-is-layout-e955bbaf wp-block-group-is-layout-constrained\" id=\"dienstleistungen\" style=\"margin-top:0;margin-bottom:0;padding-top:var(--wp--preset--spacing--70);padding-bottom:var(--wp--preset--spacing--70)\">\n<div class=\"wp-block-group alignwide is-vertical is-content-justification-center is-layout-flex wp-container-core-group-is-layout-c9ee0c5a wp-block-group-is-layout-flex\">\n<div class=\"wp-block-group has-global-padding is-layout-constrained wp-container-core-group-is-layout-5e05634a wp-block-group-is-layout-constrained\">\n<h2 class=\"wp-block-heading has-text-align-center\">Services<\/h2>\n\n\n\n<p class=\"has-text-align-center\">Ich unterst\u00fctze Privatpersonen sowie Unternehmen bei ihren steuerlichen Pflichten.<\/p>\n\n\n\n<p>Zu meinen T\u00e4tigkeitsschwerpunkten z\u00e4hlen unter anderem:<\/p>\n\n\n\n<p class=\"has-text-align-center\">\u2022 Einkommensteuererkl\u00e4rungen<br>\u2022 Umsatzsteuererkl\u00e4rungen<br>\u2022 Jahresabschl\u00fcsse und Einnahmen-\u00dcberschuss-Rechnungen<br>\u2022 Steuerdeklaration von Kapital- und Personengesellschaften<br>\u2022 Laufende steuerliche Beratung von Unternehmen<br>\u2022 Beratung zu steuerlichen Pflichten bei Gr\u00fcndung und Beginn der Selbst\u00e4ndigkeit<\/p>\n\n\n\n<p class=\"has-text-align-center\">Dabei lege ich besonderen Wert auf eine verst\u00e4ndliche Beratung und eine individuelle Betreuung.<\/p>\n\n\n\n<p class=\"has-text-align-center\">Die Verg\u00fctung erfolgt in der Regel nach Zeitaufwand. <\/p>\n<\/div>\n<\/div>\n<\/div>\n\n\n\n<div class=\"wp-block-group alignfull is-style-ext-preset--group--natural-1--section has-tertiary-background-color has-background has-global-padding is-layout-constrained wp-block-group-is-layout-constrained\" id=\"kontakt\" style=\"margin-top:0;margin-bottom:0;padding-top:var(--wp--preset--spacing--70);padding-bottom:var(--wp--preset--spacing--70)\">\n<h2 class=\"wp-block-heading\">Contact<\/h2>\n\n\n\n<p>Bei Interesse kontaktiere mich gerne \u00fcber das Kontaktformular oder per E-Mail. <\/p>\n\n\n\n<div class=\"wp-block-columns is-layout-flex wp-container-core-columns-is-layout-28f84493 wp-block-columns-is-layout-flex\">\n<div class=\"wp-block-column is-vertically-aligned-top is-layout-flow wp-block-column-is-layout-flow\" style=\"flex-basis:100%\">\n<div class=\"wp-block-group is-nowrap is-layout-flex wp-container-core-group-is-layout-6c531013 wp-block-group-is-layout-flex\">\n<figure class=\"wp-block-image size-full\"><img loading=\"lazy\" decoding=\"async\" width=\"144\" height=\"144\" src=\"https:\/\/wille-steuerberaterin.de\/wp-content\/uploads\/2025\/12\/image.png\" alt=\"\" class=\"wp-image-141\" srcset=\"https:\/\/wille-steuerberaterin.de\/wp-content\/uploads\/2025\/12\/image.png 144w, https:\/\/wille-steuerberaterin.de\/wp-content\/uploads\/2025\/12\/image-12x12.png 12w\" sizes=\"auto, (max-width: 144px) 100vw, 144px\" \/><\/figure>\n\n\n\n<div class=\"wp-block-contact-form-7-contact-form-selector\">\n<div class=\"wpcf7 no-js\" id=\"wpcf7-f13-o1\" lang=\"de-DE\" dir=\"ltr\" data-wpcf7-id=\"13\">\n<div class=\"screen-reader-response\"><p role=\"status\" aria-live=\"polite\" aria-atomic=\"true\"><\/p> <ul><\/ul><\/div>\n<form action=\"\/en\/wp-json\/wp\/v2\/pages\/15#wpcf7-f13-o1\" method=\"post\" class=\"wpcf7-form init\" aria-label=\"Kontaktformular\" novalidate=\"novalidate\" data-status=\"init\" data-trp-original-action=\"\/en\/wp-json\/wp\/v2\/pages\/15#wpcf7-f13-o1\">\n<fieldset class=\"hidden-fields-container\"><input type=\"hidden\" name=\"_wpcf7\" value=\"13\" \/><input type=\"hidden\" name=\"_wpcf7_version\" value=\"6.1.5\" \/><input type=\"hidden\" name=\"_wpcf7_locale\" value=\"de_DE\" \/><input type=\"hidden\" name=\"_wpcf7_unit_tag\" value=\"wpcf7-f13-o1\" \/><input type=\"hidden\" name=\"_wpcf7_container_post\" value=\"0\" \/><input type=\"hidden\" name=\"_wpcf7_posted_data_hash\" value=\"\" \/>\n<\/fieldset>\n<p><label> Your Name<br \/>\n<span class=\"wpcf7-form-control-wrap\" data-name=\"your-name\"><input size=\"40\" maxlength=\"400\" class=\"wpcf7-form-control wpcf7-text wpcf7-validates-as-required\" autocomplete=\"name\" aria-required=\"true\" aria-invalid=\"false\" value=\"\" type=\"text\" name=\"your-name\" \/><\/span> <\/label>\n<\/p>\n<p><label> Your Email Address<br \/>\n<span class=\"wpcf7-form-control-wrap\" data-name=\"your-email\"><input size=\"40\" maxlength=\"400\" class=\"wpcf7-form-control wpcf7-email wpcf7-validates-as-required wpcf7-text wpcf7-validates-as-email\" autocomplete=\"email\" aria-required=\"true\" aria-invalid=\"false\" value=\"\" type=\"email\" name=\"your-email\" \/><\/span> <\/label>\n<\/p>\n<p><label> Subject<br \/>\n<span class=\"wpcf7-form-control-wrap\" data-name=\"your-subject\"><input size=\"40\" maxlength=\"400\" class=\"wpcf7-form-control wpcf7-text wpcf7-validates-as-required\" aria-required=\"true\" aria-invalid=\"false\" value=\"\" type=\"text\" name=\"your-subject\" \/><\/span> <\/label>\n<\/p>\n<p><label> Your Message<br \/>\n<span class=\"wpcf7-form-control-wrap\" data-name=\"your-message\"><textarea cols=\"40\" rows=\"10\" maxlength=\"2000\" class=\"wpcf7-form-control wpcf7-textarea\" aria-invalid=\"false\" name=\"your-message\"><\/textarea><\/span> <\/label>\n<\/p>\n<p><input class=\"wpcf7-form-control wpcf7-submit has-spinner\" type=\"submit\" value=\"Submit\" \/>\n<\/p><div class=\"wpcf7-response-output\" aria-hidden=\"true\"><\/div>\n<input type=\"hidden\" name=\"trp-form-language\" value=\"en\"\/><\/form>\n<\/div>\n<\/div>\n<\/div>\n<\/div>\n<\/div>\n\n\n\n<p class=\"has-text-align-center\">My Email Address: <br>info@wille-steuerberaterin.de<br>Telefonnummer: <br>+49 163 160 4497<\/p>\n<\/div>","protected":false},"excerpt":{"rendered":"<p>Steuern m\u00fcssen nicht kompliziert sein Du ben\u00f6tigst steuerliche Beratung?Melde dich gerne. \u00dcber mich Ich bin Becky Wille und wurde im Februar 2025 zur Steuerberaterin bestellt. Seit dem Abschluss meines Bachelorstudiums an der Universit\u00e4t G\u00f6ttingen im Jahr 2020 bin ich in der Steuerberatung t\u00e4tig. Neben meiner hauptberuflichen T\u00e4tigkeit in einer der Next-Ten-Gesellschaften, bin ich selbstst\u00e4ndig als [&hellip;]<\/p>\n","protected":false},"author":1,"featured_media":0,"parent":0,"menu_order":0,"comment_status":"closed","ping_status":"closed","template":"no-title-sticky-header","meta":{"footnotes":""},"class_list":["post-15","page","type-page","status-publish","hentry"],"_links":{"self":[{"href":"https:\/\/wille-steuerberaterin.de\/en\/wp-json\/wp\/v2\/pages\/15","targetHints":{"allow":["GET"]}}],"collection":[{"href":"https:\/\/wille-steuerberaterin.de\/en\/wp-json\/wp\/v2\/pages"}],"about":[{"href":"https:\/\/wille-steuerberaterin.de\/en\/wp-json\/wp\/v2\/types\/page"}],"author":[{"embeddable":true,"href":"https:\/\/wille-steuerberaterin.de\/en\/wp-json\/wp\/v2\/users\/1"}],"replies":[{"embeddable":true,"href":"https:\/\/wille-steuerberaterin.de\/en\/wp-json\/wp\/v2\/comments?post=15"}],"version-history":[{"count":126,"href":"https:\/\/wille-steuerberaterin.de\/en\/wp-json\/wp\/v2\/pages\/15\/revisions"}],"predecessor-version":[{"id":245,"href":"https:\/\/wille-steuerberaterin.de\/en\/wp-json\/wp\/v2\/pages\/15\/revisions\/245"}],"wp:attachment":[{"href":"https:\/\/wille-steuerberaterin.de\/en\/wp-json\/wp\/v2\/media?parent=15"}],"curies":[{"name":"wp","href":"https:\/\/api.w.org\/{rel}","templated":true}]}}